{"id":165,"date":"2025-09-11T21:19:30","date_gmt":"2025-09-11T21:19:30","guid":{"rendered":"https:\/\/solgasonline.com\/?post_type=product&#038;p=165"},"modified":"2025-09-11T21:19:51","modified_gmt":"2025-09-11T21:19:51","slug":"balon-contenido-regulador-premium","status":"publish","type":"product","link":"https:\/\/solgasonline.com\/?product=balon-contenido-regulador-premium","title":{"rendered":"Bal\u00f3n 10kg + contenido + regulador premium"},"content":{"rendered":"<p><img loading=\"lazy\" decoding=\"async\" class=\"alignnone size-medium wp-image-105\" src=\"https:\/\/solgasonline.com\/wp-content\/uploads\/2025\/09\/WhatsApp-Image-2024-06-05-at-6.08.18-PM-300x300.jpeg\" alt=\"\" width=\"300\" height=\"300\" \/><\/p>\n","protected":false},"excerpt":{"rendered":"<p data-start=\"310\" data-end=\"564\">El <strong data-start=\"313\" data-end=\"370\">bal\u00f3n Solgas de mayor contenido con regulador premium<\/strong> es la soluci\u00f3n completa y segura para tu cocina o calef\u00f3n. Dise\u00f1ado para brindarte <strong data-start=\"454\" data-end=\"480\">m\u00e1s duraci\u00f3n por carga<\/strong> y un regulador de alta calidad que garantiza un flujo constante y seguro del gas.<\/p>\n<p data-start=\"566\" data-end=\"789\">\ud83d\udd39 Incluye <strong data-start=\"577\" data-end=\"593\">bal\u00f3n Solgas<\/strong> con mayor capacidad.<br data-start=\"614\" data-end=\"617\" \/>\ud83d\udd39 <strong data-start=\"620\" data-end=\"641\">Regulador premium<\/strong> para mejor control y seguridad.<br data-start=\"673\" data-end=\"676\" \/>\ud83d\udd39 Perfecto para familias que buscan mayor rendimiento.<br data-start=\"731\" data-end=\"734\" \/>\ud83d\udd39 Producto original con garant\u00eda de la marca Solgas.<\/p>\n<p data-start=\"791\" data-end=\"914\">Con esta opci\u00f3n tendr\u00e1s la tranquilidad de contar con gas por m\u00e1s tiempo y la confianza de un sistema de conexi\u00f3n seguro.<\/p>\n","protected":false},"featured_media":105,"comment_status":"open","ping_status":"closed","template":"","meta":{"_et_pb_use_builder":"","_et_pb_old_content":"","_et_gb_content_width":"","_joinchat":{"telephone":"+51982940909"}},"product_brand":[],"product_cat":[22,23],"product_tag":[25,24],"class_list":{"0":"post-165","1":"product","2":"type-product","3":"status-publish","4":"has-post-thumbnail","6":"product_cat-balon-con-contenido-y-regulador-premium","7":"product_cat-regulador-premium","8":"product_tag-balon-mas-contenido-y-regulador","9":"product_tag-regulador-premium","11":"first","12":"instock","13":"shipping-taxable","14":"purchasable","15":"product-type-simple"},"yoast_head":"<!-- This site is optimized with the Yoast SEO plugin v25.8 - https:\/\/yoast.com\/wordpress\/plugins\/seo\/ -->\n<title>Bal\u00f3n 10kg + contenido + regulador premium - Solgas Online<\/title>\n<meta name=\"description\" content=\"Bal\u00f3n Solgas con mayor contenido y regulador premium incluido. M\u00e1s rendimiento y seguridad para tu hogar.\" \/>\n<meta name=\"robots\" content=\"index, follow, max-snippet:-1, max-image-preview:large, max-video-preview:-1\" \/>\n<link rel=\"canonical\" href=\"https:\/\/solgasonline.com\/?product=balon-contenido-regulador-premium\" \/>\n<meta property=\"og:locale\" content=\"es_ES\" \/>\n<meta property=\"og:type\" content=\"article\" \/>\n<meta property=\"og:title\" content=\"Bal\u00f3n 10kg + contenido + regulador premium - Solgas Online\" \/>\n<meta property=\"og:description\" content=\"Bal\u00f3n Solgas con mayor contenido y regulador premium incluido. M\u00e1s rendimiento y seguridad para tu hogar.\" \/>\n<meta property=\"og:url\" content=\"https:\/\/solgasonline.com\/?product=balon-contenido-regulador-premium\" \/>\n<meta property=\"og:site_name\" content=\"Solgas Online\" \/>\n<meta property=\"article:modified_time\" content=\"2025-09-11T21:19:51+00:00\" \/>\n<meta property=\"og:image\" content=\"https:\/\/solgasonline.com\/wp-content\/uploads\/2025\/09\/WhatsApp-Image-2024-06-05-at-6.08.18-PM.jpeg\" \/>\n\t<meta property=\"og:image:width\" content=\"1280\" \/>\n\t<meta property=\"og:image:height\" content=\"1280\" \/>\n\t<meta property=\"og:image:type\" content=\"image\/jpeg\" \/>\n<meta name=\"twitter:card\" content=\"summary_large_image\" \/>\n<meta name=\"twitter:label1\" content=\"Tiempo de lectura\" \/>\n\t<meta name=\"twitter:data1\" content=\"1 minuto\" \/>\n<script type=\"application\/ld+json\" class=\"yoast-schema-graph\">{\"@context\":\"https:\/\/schema.org\",\"@graph\":[{\"@type\":\"WebPage\",\"@id\":\"https:\/\/solgasonline.com\/?product=balon-contenido-regulador-premium\",\"url\":\"https:\/\/solgasonline.com\/?product=balon-contenido-regulador-premium\",\"name\":\"Bal\u00f3n 10kg + contenido + regulador premium - Solgas Online\",\"isPartOf\":{\"@id\":\"https:\/\/solgasonline.com\/#website\"},\"primaryImageOfPage\":{\"@id\":\"https:\/\/solgasonline.com\/?product=balon-contenido-regulador-premium#primaryimage\"},\"image\":{\"@id\":\"https:\/\/solgasonline.com\/?product=balon-contenido-regulador-premium#primaryimage\"},\"thumbnailUrl\":\"https:\/\/solgasonline.com\/wp-content\/uploads\/2025\/09\/WhatsApp-Image-2024-06-05-at-6.08.18-PM.jpeg\",\"datePublished\":\"2025-09-11T21:19:30+00:00\",\"dateModified\":\"2025-09-11T21:19:51+00:00\",\"description\":\"Bal\u00f3n Solgas con mayor contenido y regulador premium incluido. M\u00e1s rendimiento y seguridad para tu hogar.\",\"breadcrumb\":{\"@id\":\"https:\/\/solgasonline.com\/?product=balon-contenido-regulador-premium#breadcrumb\"},\"inLanguage\":\"es\",\"potentialAction\":[{\"@type\":\"ReadAction\",\"target\":[\"https:\/\/solgasonline.com\/?product=balon-contenido-regulador-premium\"]}]},{\"@type\":\"ImageObject\",\"inLanguage\":\"es\",\"@id\":\"https:\/\/solgasonline.com\/?product=balon-contenido-regulador-premium#primaryimage\",\"url\":\"https:\/\/solgasonline.com\/wp-content\/uploads\/2025\/09\/WhatsApp-Image-2024-06-05-at-6.08.18-PM.jpeg\",\"contentUrl\":\"https:\/\/solgasonline.com\/wp-content\/uploads\/2025\/09\/WhatsApp-Image-2024-06-05-at-6.08.18-PM.jpeg\",\"width\":1280,\"height\":1280},{\"@type\":\"BreadcrumbList\",\"@id\":\"https:\/\/solgasonline.com\/?product=balon-contenido-regulador-premium#breadcrumb\",\"itemListElement\":[{\"@type\":\"ListItem\",\"position\":1,\"name\":\"Portada\",\"item\":\"https:\/\/solgasonline.com\/\"},{\"@type\":\"ListItem\",\"position\":2,\"name\":\"Tienda\",\"item\":\"https:\/\/solgasonline.com\/?page_id=7\"},{\"@type\":\"ListItem\",\"position\":3,\"name\":\"Bal\u00f3n 10kg + contenido + regulador premium\"}]},{\"@type\":\"WebSite\",\"@id\":\"https:\/\/solgasonline.com\/#website\",\"url\":\"https:\/\/solgasonline.com\/\",\"name\":\"Solgas Distribuidor Autorizado\",\"description\":\"\",\"publisher\":{\"@id\":\"https:\/\/solgasonline.com\/#organization\"},\"potentialAction\":[{\"@type\":\"SearchAction\",\"target\":{\"@type\":\"EntryPoint\",\"urlTemplate\":\"https:\/\/solgasonline.com\/?s={search_term_string}\"},\"query-input\":{\"@type\":\"PropertyValueSpecification\",\"valueRequired\":true,\"valueName\":\"search_term_string\"}}],\"inLanguage\":\"es\"},{\"@type\":\"Organization\",\"@id\":\"https:\/\/solgasonline.com\/#organization\",\"name\":\"Solgas Online | Delivery de Gas en Lima, Huacho y m\u00e1s ciudades\",\"url\":\"https:\/\/solgasonline.com\/\",\"logo\":{\"@type\":\"ImageObject\",\"inLanguage\":\"es\",\"@id\":\"https:\/\/solgasonline.com\/#\/schema\/logo\/image\/\",\"url\":\"https:\/\/solgasonline.com\/wp-content\/uploads\/2025\/09\/LOGO-1.jpg\",\"contentUrl\":\"https:\/\/solgasonline.com\/wp-content\/uploads\/2025\/09\/LOGO-1.jpg\",\"width\":1280,\"height\":569,\"caption\":\"Solgas Online | Delivery de Gas en Lima, Huacho y m\u00e1s ciudades\"},\"image\":{\"@id\":\"https:\/\/solgasonline.com\/#\/schema\/logo\/image\/\"}}]}<\/script>\n<!-- \/ Yoast SEO plugin. -->","yoast_head_json":{"title":"Bal\u00f3n 10kg + contenido + regulador premium - Solgas Online","description":"Bal\u00f3n Solgas con mayor contenido y regulador premium incluido. M\u00e1s rendimiento y seguridad para tu hogar.","robots":{"index":"index","follow":"follow","max-snippet":"max-snippet:-1","max-image-preview":"max-image-preview:large","max-video-preview":"max-video-preview:-1"},"canonical":"https:\/\/solgasonline.com\/?product=balon-contenido-regulador-premium","og_locale":"es_ES","og_type":"article","og_title":"Bal\u00f3n 10kg + contenido + regulador premium - Solgas Online","og_description":"Bal\u00f3n Solgas con mayor contenido y regulador premium incluido. M\u00e1s rendimiento y seguridad para tu hogar.","og_url":"https:\/\/solgasonline.com\/?product=balon-contenido-regulador-premium","og_site_name":"Solgas Online","article_modified_time":"2025-09-11T21:19:51+00:00","og_image":[{"width":1280,"height":1280,"url":"https:\/\/solgasonline.com\/wp-content\/uploads\/2025\/09\/WhatsApp-Image-2024-06-05-at-6.08.18-PM.jpeg","type":"image\/jpeg"}],"twitter_card":"summary_large_image","twitter_misc":{"Tiempo de lectura":"1 minuto"},"schema":{"@context":"https:\/\/schema.org","@graph":[{"@type":"WebPage","@id":"https:\/\/solgasonline.com\/?product=balon-contenido-regulador-premium","url":"https:\/\/solgasonline.com\/?product=balon-contenido-regulador-premium","name":"Bal\u00f3n 10kg + contenido + regulador premium - Solgas Online","isPartOf":{"@id":"https:\/\/solgasonline.com\/#website"},"primaryImageOfPage":{"@id":"https:\/\/solgasonline.com\/?product=balon-contenido-regulador-premium#primaryimage"},"image":{"@id":"https:\/\/solgasonline.com\/?product=balon-contenido-regulador-premium#primaryimage"},"thumbnailUrl":"https:\/\/solgasonline.com\/wp-content\/uploads\/2025\/09\/WhatsApp-Image-2024-06-05-at-6.08.18-PM.jpeg","datePublished":"2025-09-11T21:19:30+00:00","dateModified":"2025-09-11T21:19:51+00:00","description":"Bal\u00f3n Solgas con mayor contenido y regulador premium incluido. M\u00e1s rendimiento y seguridad para tu hogar.","breadcrumb":{"@id":"https:\/\/solgasonline.com\/?product=balon-contenido-regulador-premium#breadcrumb"},"inLanguage":"es","potentialAction":[{"@type":"ReadAction","target":["https:\/\/solgasonline.com\/?product=balon-contenido-regulador-premium"]}]},{"@type":"ImageObject","inLanguage":"es","@id":"https:\/\/solgasonline.com\/?product=balon-contenido-regulador-premium#primaryimage","url":"https:\/\/solgasonline.com\/wp-content\/uploads\/2025\/09\/WhatsApp-Image-2024-06-05-at-6.08.18-PM.jpeg","contentUrl":"https:\/\/solgasonline.com\/wp-content\/uploads\/2025\/09\/WhatsApp-Image-2024-06-05-at-6.08.18-PM.jpeg","width":1280,"height":1280},{"@type":"BreadcrumbList","@id":"https:\/\/solgasonline.com\/?product=balon-contenido-regulador-premium#breadcrumb","itemListElement":[{"@type":"ListItem","position":1,"name":"Portada","item":"https:\/\/solgasonline.com\/"},{"@type":"ListItem","position":2,"name":"Tienda","item":"https:\/\/solgasonline.com\/?page_id=7"},{"@type":"ListItem","position":3,"name":"Bal\u00f3n 10kg + contenido + regulador premium"}]},{"@type":"WebSite","@id":"https:\/\/solgasonline.com\/#website","url":"https:\/\/solgasonline.com\/","name":"Solgas Distribuidor Autorizado","description":"","publisher":{"@id":"https:\/\/solgasonline.com\/#organization"},"potentialAction":[{"@type":"SearchAction","target":{"@type":"EntryPoint","urlTemplate":"https:\/\/solgasonline.com\/?s={search_term_string}"},"query-input":{"@type":"PropertyValueSpecification","valueRequired":true,"valueName":"search_term_string"}}],"inLanguage":"es"},{"@type":"Organization","@id":"https:\/\/solgasonline.com\/#organization","name":"Solgas Online | Delivery de Gas en Lima, Huacho y m\u00e1s ciudades","url":"https:\/\/solgasonline.com\/","logo":{"@type":"ImageObject","inLanguage":"es","@id":"https:\/\/solgasonline.com\/#\/schema\/logo\/image\/","url":"https:\/\/solgasonline.com\/wp-content\/uploads\/2025\/09\/LOGO-1.jpg","contentUrl":"https:\/\/solgasonline.com\/wp-content\/uploads\/2025\/09\/LOGO-1.jpg","width":1280,"height":569,"caption":"Solgas Online | Delivery de Gas en Lima, Huacho y m\u00e1s ciudades"},"image":{"@id":"https:\/\/solgasonline.com\/#\/schema\/logo\/image\/"}}]}},"_links":{"self":[{"href":"https:\/\/solgasonline.com\/index.php?rest_route=\/wp\/v2\/product\/165","targetHints":{"allow":["GET"]}}],"collection":[{"href":"https:\/\/solgasonline.com\/index.php?rest_route=\/wp\/v2\/product"}],"about":[{"href":"https:\/\/solgasonline.com\/index.php?rest_route=\/wp\/v2\/types\/product"}],"replies":[{"embeddable":true,"href":"https:\/\/solgasonline.com\/index.php?rest_route=%2Fwp%2Fv2%2Fcomments&post=165"}],"wp:featuredmedia":[{"embeddable":true,"href":"https:\/\/solgasonline.com\/index.php?rest_route=\/wp\/v2\/media\/105"}],"wp:attachment":[{"href":"https:\/\/solgasonline.com\/index.php?rest_route=%2Fwp%2Fv2%2Fmedia&parent=165"}],"wp:term":[{"taxonomy":"product_brand","embeddable":true,"href":"https:\/\/solgasonline.com\/index.php?rest_route=%2Fwp%2Fv2%2Fproduct_brand&post=165"},{"taxonomy":"product_cat","embeddable":true,"href":"https:\/\/solgasonline.com\/index.php?rest_route=%2Fwp%2Fv2%2Fproduct_cat&post=165"},{"taxonomy":"product_tag","embeddable":true,"href":"https:\/\/solgasonline.com\/index.php?rest_route=%2Fwp%2Fv2%2Fproduct_tag&post=165"}],"curies":[{"name":"wp","href":"https:\/\/api.w.org\/{rel}","templated":true}]}}